{"id":1947,"date":"2015-09-29T03:57:25","date_gmt":"2015-09-29T03:57:25","guid":{"rendered":"http:\/\/alexparker.stnsvn.com\/?page_id=20"},"modified":"2019-02-12T13:40:48","modified_gmt":"2019-02-12T13:40:48","slug":"reissutarinoita-suomesta","status":"publish","type":"page","link":"https:\/\/wp.perille.fi\/index.php\/reissutarinoita-suomesta\/","title":{"rendered":"Tervetuloa Perille!"},"content":{"rendered":"<p>Perille-blogista l\u00f6yd\u00e4t tarinoita reissaamisesta, kokemisen arvoisista matkakohteista sek\u00e4 vinkkej\u00e4 sujuvaan matkustamiseen. Hyv\u00e4\u00e4 matkaa!<\/p>\n","protected":false},"excerpt":{"rendered":"<p>Perille-blogista l\u00f6yd\u00e4t tarinoita reissaamisesta, kokemisen arvoisista matkakohteista sek\u00e4 vinkkej\u00e4 sujuvaan matkustamiseen. Hyv\u00e4\u00e4 matkaa!<\/p>\n<h5 class=\"read-more\"><a href=\"https:\/\/wp.perille.fi\/index.php\/reissutarinoita-suomesta\/\">Read More<\/a><\/h5>","protected":false},"author":1,"featured_media":0,"parent":0,"menu_order":0,"comment_status":"closed","ping_status":"closed","template":"page-landing.php","meta":{"_mi_skip_tracking":false,"spay_email":""},"yoast_head":"<!-- This site is optimized with the Yoast SEO plugin v18.8 - https:\/\/yoast.com\/wordpress\/plugins\/seo\/ -->\n<title>Perille-blogi \u2013 reissutarinoita Suomesta ja parhaat matkavinkit | Perille.fi<\/title>\n<meta name=\"description\" content=\"Kotimaan matkailua, kokemisen arvoisia matkakohteita sek\u00e4 vinkkej\u00e4 sujuvaan matkustamiseen Suomessa.\" \/>\n<meta name=\"robots\" content=\"index, follow, max-snippet:-1, max-image-preview:large, max-video-preview:-1\" \/>\n<link rel=\"canonical\" href=\"https:\/\/wp.perille.fi\/index.php\/reissutarinoita-suomesta\/\" \/>\n<meta property=\"og:locale\" content=\"en_GB\" \/>\n<meta property=\"og:type\" content=\"article\" \/>\n<meta property=\"og:title\" content=\"Perille-blogi \u2013 reissutarinoita Suomesta ja parhaat matkavinkit | Perille.fi\" \/>\n<meta property=\"og:description\" content=\"Kotimaan matkailua, kokemisen arvoisia matkakohteita sek\u00e4 vinkkej\u00e4 sujuvaan matkustamiseen Suomessa.\" \/>\n<meta property=\"og:url\" content=\"https:\/\/wp.perille.fi\/index.php\/reissutarinoita-suomesta\/\" \/>\n<meta property=\"og:site_name\" content=\"Perille-blogi\" \/>\n<meta property=\"article:publisher\" content=\"https:\/\/www.facebook.com\/perille\/\" \/>\n<meta property=\"article:modified_time\" content=\"2019-02-12T13:40:48+00:00\" \/>\n<meta name=\"twitter:card\" content=\"summary_large_image\" \/>\n<meta name=\"twitter:site\" content=\"@perille_fi\" \/>\n<script type=\"application\/ld+json\" class=\"yoast-schema-graph\">{\"@context\":\"https:\/\/schema.org\",\"@graph\":[{\"@type\":\"Organization\",\"@id\":\"https:\/\/wp.perille.fi\/#organization\",\"name\":\"Perille\",\"url\":\"https:\/\/wp.perille.fi\/\",\"sameAs\":[\"https:\/\/www.facebook.com\/perille\/\",\"https:\/\/www.instagram.com\/perille_fi\/\",\"https:\/\/twitter.com\/perille_fi\"],\"logo\":{\"@type\":\"ImageObject\",\"inLanguage\":\"en-GB\",\"@id\":\"https:\/\/wp.perille.fi\/#\/schema\/logo\/image\/\",\"url\":\"https:\/\/i0.wp.com\/wp.perille.fi\/wp-content\/uploads\/2017\/01\/1024_logo_center_shadow.png?fit=1024%2C1024&ssl=1\",\"contentUrl\":\"https:\/\/i0.wp.com\/wp.perille.fi\/wp-content\/uploads\/2017\/01\/1024_logo_center_shadow.png?fit=1024%2C1024&ssl=1\",\"width\":1024,\"height\":1024,\"caption\":\"Perille\"},\"image\":{\"@id\":\"https:\/\/wp.perille.fi\/#\/schema\/logo\/image\/\"}},{\"@type\":\"WebSite\",\"@id\":\"https:\/\/wp.perille.fi\/#website\",\"url\":\"https:\/\/wp.perille.fi\/\",\"name\":\"Perille.fi -matkablogi\",\"description\":\"\",\"publisher\":{\"@id\":\"https:\/\/wp.perille.fi\/#organization\"},\"potentialAction\":[{\"@type\":\"SearchAction\",\"target\":{\"@type\":\"EntryPoint\",\"urlTemplate\":\"https:\/\/wp.perille.fi\/?s={search_term_string}\"},\"query-input\":\"required name=search_term_string\"}],\"inLanguage\":\"en-GB\"},{\"@type\":\"WebPage\",\"@id\":\"https:\/\/wp.perille.fi\/index.php\/reissutarinoita-suomesta\/#webpage\",\"url\":\"https:\/\/wp.perille.fi\/index.php\/reissutarinoita-suomesta\/\",\"name\":\"Perille-blogi \u2013 reissutarinoita Suomesta ja parhaat matkavinkit | Perille.fi\",\"isPartOf\":{\"@id\":\"https:\/\/wp.perille.fi\/#website\"},\"datePublished\":\"2015-09-29T03:57:25+00:00\",\"dateModified\":\"2019-02-12T13:40:48+00:00\",\"description\":\"Kotimaan matkailua, kokemisen arvoisia matkakohteita sek\u00e4 vinkkej\u00e4 sujuvaan matkustamiseen Suomessa.\",\"breadcrumb\":{\"@id\":\"https:\/\/wp.perille.fi\/index.php\/reissutarinoita-suomesta\/#breadcrumb\"},\"inLanguage\":\"en-GB\",\"potentialAction\":[{\"@type\":\"ReadAction\",\"target\":[\"https:\/\/wp.perille.fi\/index.php\/reissutarinoita-suomesta\/\"]}]},{\"@type\":\"BreadcrumbList\",\"@id\":\"https:\/\/wp.perille.fi\/index.php\/reissutarinoita-suomesta\/#breadcrumb\",\"itemListElement\":[{\"@type\":\"ListItem\",\"position\":1,\"name\":\"Home\",\"item\":\"https:\/\/wp.perille.fi\/\"},{\"@type\":\"ListItem\",\"position\":2,\"name\":\"Tervetuloa Perille!\"}]}]}<\/script>\n<!-- \/ Yoast SEO plugin. -->","yoast_head_json":{"title":"Perille-blogi \u2013 reissutarinoita Suomesta ja parhaat matkavinkit | Perille.fi","description":"Kotimaan matkailua, kokemisen arvoisia matkakohteita sek\u00e4 vinkkej\u00e4 sujuvaan matkustamiseen Suomessa.","robots":{"index":"index","follow":"follow","max-snippet":"max-snippet:-1","max-image-preview":"max-image-preview:large","max-video-preview":"max-video-preview:-1"},"canonical":"https:\/\/wp.perille.fi\/index.php\/reissutarinoita-suomesta\/","og_locale":"en_GB","og_type":"article","og_title":"Perille-blogi \u2013 reissutarinoita Suomesta ja parhaat matkavinkit | Perille.fi","og_description":"Kotimaan matkailua, kokemisen arvoisia matkakohteita sek\u00e4 vinkkej\u00e4 sujuvaan matkustamiseen Suomessa.","og_url":"https:\/\/wp.perille.fi\/index.php\/reissutarinoita-suomesta\/","og_site_name":"Perille-blogi","article_publisher":"https:\/\/www.facebook.com\/perille\/","article_modified_time":"2019-02-12T13:40:48+00:00","twitter_card":"summary_large_image","twitter_site":"@perille_fi","schema":{"@context":"https:\/\/schema.org","@graph":[{"@type":"Organization","@id":"https:\/\/wp.perille.fi\/#organization","name":"Perille","url":"https:\/\/wp.perille.fi\/","sameAs":["https:\/\/www.facebook.com\/perille\/","https:\/\/www.instagram.com\/perille_fi\/","https:\/\/twitter.com\/perille_fi"],"logo":{"@type":"ImageObject","inLanguage":"en-GB","@id":"https:\/\/wp.perille.fi\/#\/schema\/logo\/image\/","url":"https:\/\/i0.wp.com\/wp.perille.fi\/wp-content\/uploads\/2017\/01\/1024_logo_center_shadow.png?fit=1024%2C1024&ssl=1","contentUrl":"https:\/\/i0.wp.com\/wp.perille.fi\/wp-content\/uploads\/2017\/01\/1024_logo_center_shadow.png?fit=1024%2C1024&ssl=1","width":1024,"height":1024,"caption":"Perille"},"image":{"@id":"https:\/\/wp.perille.fi\/#\/schema\/logo\/image\/"}},{"@type":"WebSite","@id":"https:\/\/wp.perille.fi\/#website","url":"https:\/\/wp.perille.fi\/","name":"Perille.fi -matkablogi","description":"","publisher":{"@id":"https:\/\/wp.perille.fi\/#organization"},"potentialAction":[{"@type":"SearchAction","target":{"@type":"EntryPoint","urlTemplate":"https:\/\/wp.perille.fi\/?s={search_term_string}"},"query-input":"required name=search_term_string"}],"inLanguage":"en-GB"},{"@type":"WebPage","@id":"https:\/\/wp.perille.fi\/index.php\/reissutarinoita-suomesta\/#webpage","url":"https:\/\/wp.perille.fi\/index.php\/reissutarinoita-suomesta\/","name":"Perille-blogi \u2013 reissutarinoita Suomesta ja parhaat matkavinkit | Perille.fi","isPartOf":{"@id":"https:\/\/wp.perille.fi\/#website"},"datePublished":"2015-09-29T03:57:25+00:00","dateModified":"2019-02-12T13:40:48+00:00","description":"Kotimaan matkailua, kokemisen arvoisia matkakohteita sek\u00e4 vinkkej\u00e4 sujuvaan matkustamiseen Suomessa.","breadcrumb":{"@id":"https:\/\/wp.perille.fi\/index.php\/reissutarinoita-suomesta\/#breadcrumb"},"inLanguage":"en-GB","potentialAction":[{"@type":"ReadAction","target":["https:\/\/wp.perille.fi\/index.php\/reissutarinoita-suomesta\/"]}]},{"@type":"BreadcrumbList","@id":"https:\/\/wp.perille.fi\/index.php\/reissutarinoita-suomesta\/#breadcrumb","itemListElement":[{"@type":"ListItem","position":1,"name":"Home","item":"https:\/\/wp.perille.fi\/"},{"@type":"ListItem","position":2,"name":"Tervetuloa Perille!"}]}]}},"jetpack_sharing_enabled":true,"jetpack_shortlink":"https:\/\/wp.me\/P8oFPa-vp","jetpack-related-posts":[{"id":1400,"url":"https:\/\/wp.perille.fi\/index.php\/reissutarinoita-ja-parhaat-matkavinkit\/","url_meta":{"origin":1947,"position":0},"title":"Perille-blogi","date":"28th October 2015","format":false,"excerpt":"","rel":"","context":"","img":{"alt_text":"","src":"","width":0,"height":0},"classes":[]},{"id":33,"url":"https:\/\/wp.perille.fi\/index.php\/contact\/","url_meta":{"origin":1947,"position":1},"title":"ota yhteytt\u00e4","date":"5th October 2015","format":false,"excerpt":"Haluatko l\u00e4hett\u00e4\u00e4 meille palautetta, ehdottaa juttuaihetta Perille-blogiin tai moikata muuten vaan? L\u00e4het\u00e4 meille viesti alla olevalla lomakkeella tai s\u00e4hk\u00f6postilla osoitteeseen asiakastuki[at]perille.fi.","rel":"","context":"","img":{"alt_text":"","src":"","width":0,"height":0},"classes":[]},{"id":2140,"url":"https:\/\/wp.perille.fi\/index.php\/reissuonnea-kilpailun-saannot\/","url_meta":{"origin":1947,"position":2},"title":"Reissuonnea-arvonnan s\u00e4\u00e4nn\u00f6t","date":"14th February 2017","format":false,"excerpt":"1. ARVONNAN J\u00c4RJEST\u00c4J\u00c4 Arvonnan j\u00e4rjest\u00e4\u00e4 Perille Mobility Services (j\u00e4ljemp\u00e4n\u00e4 \"j\u00e4rjest\u00e4j\u00e4\"). Arvonta ei ole Facebookin tai Instagramin rahoittama tai yll\u00e4pit\u00e4m\u00e4 mill\u00e4\u00e4n tavoin. 2. ARVONTAAN OSALLISTUMINEN Arvontaan voi osallistua kertomalla oman kotimaan matkaan liittyv\u00e4n onnellisen matkamuistonsa seuraavasti: Kommentoimalla reissuonnea-juttua Perille-blogissa Jakamalla muiston Instagramissa kuvan tai videon kera hashtagilla #reissuonnea ja t\u00e4g\u00e4\u00e4m\u00e4ll\u00e4 @Perille_fi\u2026","rel":"","context":"","img":{"alt_text":"","src":"","width":0,"height":0},"classes":[]},{"id":2736,"url":"https:\/\/wp.perille.fi\/index.php\/blogi\/","url_meta":{"origin":1947,"position":3},"title":"Blogi","date":"12th February 2019","format":false,"excerpt":"","rel":"","context":"","img":{"alt_text":"","src":"","width":0,"height":0},"classes":[]}],"_links":{"self":[{"href":"https:\/\/wp.perille.fi\/index.php\/wp-json\/wp\/v2\/pages\/1947"}],"collection":[{"href":"https:\/\/wp.perille.fi\/index.php\/wp-json\/wp\/v2\/pages"}],"about":[{"href":"https:\/\/wp.perille.fi\/index.php\/wp-json\/wp\/v2\/types\/page"}],"author":[{"embeddable":true,"href":"https:\/\/wp.perille.fi\/index.php\/wp-json\/wp\/v2\/users\/1"}],"replies":[{"embeddable":true,"href":"https:\/\/wp.perille.fi\/index.php\/wp-json\/wp\/v2\/comments?post=1947"}],"version-history":[{"count":47,"href":"https:\/\/wp.perille.fi\/index.php\/wp-json\/wp\/v2\/pages\/1947\/revisions"}],"predecessor-version":[{"id":2711,"href":"https:\/\/wp.perille.fi\/index.php\/wp-json\/wp\/v2\/pages\/1947\/revisions\/2711"}],"wp:attachment":[{"href":"https:\/\/wp.perille.fi\/index.php\/wp-json\/wp\/v2\/media?parent=1947"}],"curies":[{"name":"wp","href":"https:\/\/api.w.org\/{rel}","templated":true}]}}